
{"id":1227,"date":"2022-04-05T15:56:40","date_gmt":"2022-04-05T20:56:40","guid":{"rendered":"https:\/\/modinatheme.com\/transland\/?page_id=1227"},"modified":"2025-10-09T11:06:06","modified_gmt":"2025-10-09T16:06:06","slug":"servicios","status":"publish","type":"page","link":"https:\/\/turisportltda.com\/index.php\/servicios\/","title":{"rendered":"Servicios"},"content":{"rendered":"\t\t<div data-elementor-type=\"wp-page\" data-elementor-id=\"1227\" class=\"elementor elementor-1227\">\n\t\t\t\t\t\t\t\t\t<section class=\"elementor-section elementor-top-section elementor-element elementor-element-bf451c0 elementor-section-boxed elementor-section-height-default elementor-section-height-default\" data-id=\"bf451c0\" data-element_type=\"section\" data-settings=\"{&quot;background_background&quot;:&quot;classic&quot;}\">\n\t\t\t\t\t\t<div class=\"elementor-container elementor-column-gap-default\">\n\t\t\t\t\t<div class=\"elementor-column elementor-col-100 elementor-top-column elementor-element elementor-element-9869077\" data-id=\"9869077\" data-element_type=\"column\">\n\t\t\t<div class=\"elementor-widget-wrap elementor-element-populated\">\n\t\t\t\t\t\t\t\t<section class=\"elementor-section elementor-inner-section elementor-element elementor-element-bcaa2f3 elementor-section-boxed elementor-section-height-default elementor-section-height-default\" data-id=\"bcaa2f3\" data-element_type=\"section\">\n\t\t\t\t\t\t<div class=\"elementor-container elementor-column-gap-no\">\n\t\t\t\t\t<div class=\"elementor-column elementor-col-100 elementor-inner-column elementor-element elementor-element-5a404cf\" data-id=\"5a404cf\" data-element_type=\"column\">\n\t\t\t<div class=\"elementor-widget-wrap elementor-element-populated\">\n\t\t\t\t\t\t\t\t<div class=\"elementor-element elementor-element-cdae625 elementor-widget elementor-widget-modina_section_title\" data-id=\"cdae625\" data-element_type=\"widget\" data-widget_type=\"modina_section_title.default\">\n\t\t\t\t<div class=\"elementor-widget-container\">\n\t\t\t\r\n        <div class=\"block-contents text-center\">\r\n        <div class=\"section-title\">\r\n            <h5 class=\"text-center\">Servicios<\/h5>\r\n            <span>Servicios<\/span>\r\n            <h2>Nuestros <span>Servicios<\/span><\/h2>\r\n        <\/div>\r\n            <\/div>\r\n    \r\n    \t\t<\/div>\n\t\t\t\t<\/div>\n\t\t\t\t<div class=\"elementor-element elementor-element-6d9dcbe elementor--h-position-center elementor--v-position-middle elementor-arrows-position-inside elementor-pagination-position-inside elementor-widget elementor-widget-slides\" data-id=\"6d9dcbe\" data-element_type=\"widget\" data-settings=\"{&quot;navigation&quot;:&quot;both&quot;,&quot;autoplay&quot;:&quot;yes&quot;,&quot;pause_on_hover&quot;:&quot;yes&quot;,&quot;pause_on_interaction&quot;:&quot;yes&quot;,&quot;autoplay_speed&quot;:5000,&quot;infinite&quot;:&quot;yes&quot;,&quot;transition&quot;:&quot;slide&quot;,&quot;transition_speed&quot;:500}\" data-widget_type=\"slides.default\">\n\t\t\t\t<div class=\"elementor-widget-container\">\n\t\t\t<style>\/*! elementor-pro - v3.9.2 - 21-12-2022 *\/\n.elementor-slides .swiper-slide-bg{background-size:cover;background-position:50%;background-repeat:no-repeat;min-width:100%;min-height:100%}.elementor-slides .swiper-slide-inner{background-repeat:no-repeat;background-position:50%;position:absolute;top:0;left:0;bottom:0;right:0;padding:50px;margin:auto}.elementor-slides .swiper-slide-inner,.elementor-slides .swiper-slide-inner:hover{color:#fff;display:flex}.elementor-slides .swiper-slide-inner .elementor-background-overlay{position:absolute;z-index:0;top:0;bottom:0;left:0;right:0}.elementor-slides .swiper-slide-inner .elementor-slide-content{position:relative;z-index:1;width:100%}.elementor-slides .swiper-slide-inner .elementor-slide-heading{font-size:35px;font-weight:700;line-height:1}.elementor-slides .swiper-slide-inner .elementor-slide-description{font-size:17px;line-height:1.4}.elementor-slides .swiper-slide-inner .elementor-slide-description:not(:last-child),.elementor-slides .swiper-slide-inner .elementor-slide-heading:not(:last-child){margin-bottom:30px}.elementor-slides .swiper-slide-inner .elementor-slide-button{border:2px solid #fff;color:#fff;background:transparent;display:inline-block}.elementor-slides .swiper-slide-inner .elementor-slide-button,.elementor-slides .swiper-slide-inner .elementor-slide-button:hover{background:transparent;color:inherit;text-decoration:none}.elementor--v-position-top .swiper-slide-inner{align-items:flex-start}.elementor--v-position-bottom .swiper-slide-inner{align-items:flex-end}.elementor--v-position-middle .swiper-slide-inner{align-items:center}.elementor--h-position-left .swiper-slide-inner{justify-content:flex-start}.elementor--h-position-right .swiper-slide-inner{justify-content:flex-end}.elementor--h-position-center .swiper-slide-inner{justify-content:center}body.rtl .elementor-widget-slides .elementor-swiper-button-next{left:10px;right:auto}body.rtl .elementor-widget-slides .elementor-swiper-button-prev{right:10px;left:auto}.elementor-slides-wrapper div:not(.swiper-slide)>.swiper-slide-inner{display:none}@media (max-width:767px){.elementor-slides .swiper-slide-inner{padding:30px}.elementor-slides .swiper-slide-inner .elementor-slide-heading{font-size:23px;line-height:1;margin-bottom:15px}.elementor-slides .swiper-slide-inner .elementor-slide-description{font-size:13px;line-height:1.4;margin-bottom:15px}}<\/style>\t\t<div class=\"elementor-swiper\">\n\t\t\t<div class=\"elementor-slides-wrapper elementor-main-swiper swiper-container\" dir=\"ltr\" data-animation=\"fadeInUp\">\n\t\t\t\t<div class=\"swiper-wrapper elementor-slides\">\n\t\t\t\t\t\t\t\t\t\t<div class=\"elementor-repeater-item-d879305 swiper-slide\"><div class=\"swiper-slide-bg\"><\/div><a class=\"swiper-slide-inner\" href=\"https:\/\/api.whatsapp.com\/send?phone=573134035376&#038;text=Buen%20d%C3%ADa.%20Requiero%20informaci%C3%B3n%20acerca%20del%20servicio%20de%20transporte%20escolar\"><div class=\"swiper-slide-contents\"><div class=\"elementor-slide-heading\">Transporte Escolar<\/div><div class=\"elementor-slide-description\">El transporte escolar es el traslado sano y salvo en un veh\u00edculo automotor, de menores de edad que se encuentren estudiando en instituciones educativas de car\u00e1cter p\u00fablico o privado, cualquier nivel de educaci\u00f3n preescolar, b\u00e1sica o media.<\/div><div  class=\"elementor-button elementor-slide-button elementor-size-sm\">Contratar<\/div><\/div><\/a><\/div><div class=\"elementor-repeater-item-24004f2 swiper-slide\"><div class=\"swiper-slide-bg elementor-ken-burns elementor-ken-burns--in\"><\/div><a class=\"swiper-slide-inner\" href=\"https:\/\/api.whatsapp.com\/send?phone=573134035376&#038;text=Buen%20d%C3%ADa.%20Requiero%20informaci%C3%B3n%20acerca%20del%20servicio%20de%20transporte%20empresarial\"><div class=\"swiper-slide-contents\"><div class=\"elementor-slide-heading\">Transporte Empresarial<\/div><div class=\"elementor-slide-description\">El transporte empresarial es una soluci\u00f3n de movilidad que transforma el transporte corporativo y organizacional, y que permite una administraci\u00f3n \u00f3ptima de los gastos de cualquier organizaci\u00f3n; disminuyendo as\u00ed los gastos en transporte para los colaboradores y mejorando a trav\u00e9s de servicios especializados esta actividad corporativa.<\/div><div  class=\"elementor-button elementor-slide-button elementor-size-sm\">Contratar<\/div><\/div><\/a><\/div><div class=\"elementor-repeater-item-6a44112 swiper-slide\"><div class=\"swiper-slide-bg elementor-ken-burns elementor-ken-burns--in\"><\/div><a class=\"swiper-slide-inner\" href=\"https:\/\/api.whatsapp.com\/send?phone=573134035376&#038;text=Buen%20d%C3%ADa.%20Requiero%20informaci%C3%B3n%20acerca%20del%20servicio%20de%20transporte%20tur\u00edstico\"><div class=\"swiper-slide-contents\"><div class=\"elementor-slide-heading\">Transporte Tur\u00edstico<\/div><div class=\"elementor-slide-description\">Destinado a la movilizaci\u00f3n de familiares o amigos a diferentes destinos del territorio nacional cumpliendo a cabalidad con todas las leyes creadas dentro de nuestro pa\u00eds para tal fin.<\/div><div  class=\"elementor-button elementor-slide-button elementor-size-sm\">Contratar<\/div><\/div><\/a><\/div>\t\t\t\t<\/div>\n\t\t\t\t\t\t\t\t\t\t\t\t\t\t\t<div class=\"swiper-pagination\"><\/div>\n\t\t\t\t\t\t\t\t\t\t\t\t\t\t\t\t<div class=\"elementor-swiper-button elementor-swiper-button-prev\">\n\t\t\t\t\t\t\t<i aria-hidden=\"true\" class=\"eicon-chevron-left\"><\/i>\t\t\t\t\t\t\t<span class=\"elementor-screen-only\">Previous<\/span>\n\t\t\t\t\t\t<\/div>\n\t\t\t\t\t\t<div class=\"elementor-swiper-button elementor-swiper-button-next\">\n\t\t\t\t\t\t\t<i aria-hidden=\"true\" class=\"eicon-chevron-right\"><\/i>\t\t\t\t\t\t\t<span class=\"elementor-screen-only\">Next<\/span>\n\t\t\t\t\t\t<\/div>\n\t\t\t\t\t\t\t\t\t\t\t\t<\/div>\n\t\t<\/div>\n\t\t\t\t<\/div>\n\t\t\t\t<\/div>\n\t\t\t\t\t<\/div>\n\t\t<\/div>\n\t\t\t\t\t\t\t<\/div>\n\t\t<\/section>\n\t\t\t\t\t<\/div>\n\t\t<\/div>\n\t\t\t\t\t\t\t<\/div>\n\t\t<\/section>\n\t\t\t\t<section class=\"elementor-section elementor-top-section elementor-element elementor-element-a4e2a64 elementor-section-boxed elementor-section-height-default elementor-section-height-default\" data-id=\"a4e2a64\" data-element_type=\"section\" data-settings=\"{&quot;background_background&quot;:&quot;classic&quot;}\">\n\t\t\t\t\t\t<div class=\"elementor-container elementor-column-gap-default\">\n\t\t\t\t\t<div class=\"elementor-column elementor-col-100 elementor-top-column elementor-element elementor-element-1ff5533\" data-id=\"1ff5533\" data-element_type=\"column\">\n\t\t\t<div class=\"elementor-widget-wrap elementor-element-populated\">\n\t\t\t\t\t\t\t\t<div class=\"elementor-element elementor-element-f728487 elementor-widget elementor-widget-modina_section_title\" data-id=\"f728487\" data-element_type=\"widget\" data-widget_type=\"modina_section_title.default\">\n\t\t\t\t<div class=\"elementor-widget-container\">\n\t\t\t\r\n        <div class=\"block-contents text-center\">\r\n        <div class=\"section-title\">\r\n            <h5 class=\"text-center\">Clientes<\/h5>\r\n            <span>Clientes<\/span>\r\n            <h2>\n<span>Nuestros Clientes<\/span><\/h2>\r\n        <\/div>\r\n            <\/div>\r\n    \r\n    \t\t<\/div>\n\t\t\t\t<\/div>\n\t\t\t\t<section class=\"elementor-section elementor-inner-section elementor-element elementor-element-d36e88f elementor-section-boxed elementor-section-height-default elementor-section-height-default\" data-id=\"d36e88f\" data-element_type=\"section\">\n\t\t\t\t\t\t<div class=\"elementor-container elementor-column-gap-no\">\n\t\t\t\t\t<div class=\"elementor-column elementor-col-25 elementor-inner-column elementor-element elementor-element-17df7c4\" data-id=\"17df7c4\" data-element_type=\"column\" data-settings=\"{&quot;background_background&quot;:&quot;classic&quot;}\">\n\t\t\t<div class=\"elementor-widget-wrap elementor-element-populated\">\n\t\t\t\t\t\t\t\t<div class=\"elementor-element elementor-element-c1aa600 elementor-widget elementor-widget-image\" data-id=\"c1aa600\" data-element_type=\"widget\" data-widget_type=\"image.default\">\n\t\t\t\t<div class=\"elementor-widget-container\">\n\t\t\t<style>\/*! elementor - v3.9.2 - 21-12-2022 *\/\n.elementor-widget-image{text-align:center}.elementor-widget-image a{display:inline-block}.elementor-widget-image a img[src$=\".svg\"]{width:48px}.elementor-widget-image img{vertical-align:middle;display:inline-block}<\/style>\t\t\t\t\t\t\t\t\t\t\t\t\t<a href=\"https:\/\/caminoalacima.edu.co\/\">\n\t\t\t\t\t\t\t<img width=\"1024\" height=\"1015\" src=\"https:\/\/turisportltda.com\/wp-content\/uploads\/2023\/01\/cicalc-1024x1015.jpg\" class=\"attachment-large size-large wp-image-2629\" alt=\"\" loading=\"lazy\" srcset=\"https:\/\/turisportltda.com\/wp-content\/uploads\/2023\/01\/cicalc-1024x1015.jpg 1024w, https:\/\/turisportltda.com\/wp-content\/uploads\/2023\/01\/cicalc-300x297.jpg 300w, https:\/\/turisportltda.com\/wp-content\/uploads\/2023\/01\/cicalc-150x150.jpg 150w, https:\/\/turisportltda.com\/wp-content\/uploads\/2023\/01\/cicalc-768x762.jpg 768w, https:\/\/turisportltda.com\/wp-content\/uploads\/2023\/01\/cicalc-1536x1523.jpg 1536w, https:\/\/turisportltda.com\/wp-content\/uploads\/2023\/01\/cicalc-600x595.jpg 600w, https:\/\/turisportltda.com\/wp-content\/uploads\/2023\/01\/cicalc-100x100.jpg 100w, https:\/\/turisportltda.com\/wp-content\/uploads\/2023\/01\/cicalc.jpg 1548w\" sizes=\"(max-width: 1024px) 100vw, 1024px\" \/>\t\t\t\t\t\t\t\t<\/a>\n\t\t\t\t\t\t\t\t\t\t\t\t\t\t\t<\/div>\n\t\t\t\t<\/div>\n\t\t\t\t\t<\/div>\n\t\t<\/div>\n\t\t\t\t<div class=\"elementor-column elementor-col-25 elementor-inner-column elementor-element elementor-element-4d0ee93\" data-id=\"4d0ee93\" data-element_type=\"column\" data-settings=\"{&quot;background_background&quot;:&quot;classic&quot;}\">\n\t\t\t<div class=\"elementor-widget-wrap elementor-element-populated\">\n\t\t\t\t\t\t\t\t<div class=\"elementor-element elementor-element-53b4e5b elementor-widget elementor-widget-image\" data-id=\"53b4e5b\" data-element_type=\"widget\" data-widget_type=\"image.default\">\n\t\t\t\t<div class=\"elementor-widget-container\">\n\t\t\t\t\t\t\t\t\t\t\t\t\t\t\t\t<a href=\"https:\/\/www.liceocampodavid.edu.co\/\">\n\t\t\t\t\t\t\t<img width=\"512\" height=\"512\" src=\"https:\/\/turisportltda.com\/wp-content\/uploads\/2023\/01\/lcd.jpg\" class=\"attachment-large size-large wp-image-2631\" alt=\"\" loading=\"lazy\" srcset=\"https:\/\/turisportltda.com\/wp-content\/uploads\/2023\/01\/lcd.jpg 512w, https:\/\/turisportltda.com\/wp-content\/uploads\/2023\/01\/lcd-300x300.jpg 300w, https:\/\/turisportltda.com\/wp-content\/uploads\/2023\/01\/lcd-150x150.jpg 150w, https:\/\/turisportltda.com\/wp-content\/uploads\/2023\/01\/lcd-100x100.jpg 100w, https:\/\/turisportltda.com\/wp-content\/uploads\/2023\/01\/elementor\/thumbs\/lcd-q0snv70fjwegv7ryglzds7n5kw655llf9vvnwvn8zo.jpg 250w\" sizes=\"(max-width: 512px) 100vw, 512px\" \/>\t\t\t\t\t\t\t\t<\/a>\n\t\t\t\t\t\t\t\t\t\t\t\t\t\t\t<\/div>\n\t\t\t\t<\/div>\n\t\t\t\t\t<\/div>\n\t\t<\/div>\n\t\t\t\t<div class=\"elementor-column elementor-col-25 elementor-inner-column elementor-element elementor-element-d85f1b8\" data-id=\"d85f1b8\" data-element_type=\"column\" data-settings=\"{&quot;background_background&quot;:&quot;classic&quot;}\">\n\t\t\t<div class=\"elementor-widget-wrap elementor-element-populated\">\n\t\t\t\t\t\t\t\t<div class=\"elementor-element elementor-element-88b6d60 elementor-widget elementor-widget-image\" data-id=\"88b6d60\" data-element_type=\"widget\" data-widget_type=\"image.default\">\n\t\t\t\t<div class=\"elementor-widget-container\">\n\t\t\t\t\t\t\t\t\t\t\t\t\t\t\t\t<a href=\"https:\/\/colegionai.edu.co\/\">\n\t\t\t\t\t\t\t<img src=\"https:\/\/turisportltda.com\/wp-content\/uploads\/elementor\/thumbs\/logonai-q0snypwrg0zp1l7pbtv413kneljebvu7cm0b853drk.jpg\" title=\"Colegio Nueva Alianza Integral\" alt=\"Colegio Nueva Alianza Integral\" \/>\t\t\t\t\t\t\t\t<\/a>\n\t\t\t\t\t\t\t\t\t\t\t\t\t\t\t<\/div>\n\t\t\t\t<\/div>\n\t\t\t\t\t<\/div>\n\t\t<\/div>\n\t\t\t\t<div class=\"elementor-column elementor-col-25 elementor-inner-column elementor-element elementor-element-b6963dc\" data-id=\"b6963dc\" data-element_type=\"column\" data-settings=\"{&quot;background_background&quot;:&quot;classic&quot;}\">\n\t\t\t<div class=\"elementor-widget-wrap elementor-element-populated\">\n\t\t\t\t\t\t\t\t<div class=\"elementor-element elementor-element-9994fb4 elementor-widget elementor-widget-image\" data-id=\"9994fb4\" data-element_type=\"widget\" data-widget_type=\"image.default\">\n\t\t\t\t<div class=\"elementor-widget-container\">\n\t\t\t\t\t\t\t\t\t\t\t\t\t\t\t\t<a href=\"https:\/\/liceofemeninomercedesn.edupage.org\/\">\n\t\t\t\t\t\t\t<img width=\"220\" height=\"220\" src=\"https:\/\/turisportltda.com\/wp-content\/uploads\/2023\/01\/cfmn.jpg\" class=\"attachment-large size-large wp-image-2657\" alt=\"\" loading=\"lazy\" srcset=\"https:\/\/turisportltda.com\/wp-content\/uploads\/2023\/01\/cfmn.jpg 220w, https:\/\/turisportltda.com\/wp-content\/uploads\/2023\/01\/cfmn-150x150.jpg 150w, https:\/\/turisportltda.com\/wp-content\/uploads\/2023\/01\/cfmn-100x100.jpg 100w\" sizes=\"(max-width: 220px) 100vw, 220px\" \/>\t\t\t\t\t\t\t\t<\/a>\n\t\t\t\t\t\t\t\t\t\t\t\t\t\t\t<\/div>\n\t\t\t\t<\/div>\n\t\t\t\t\t<\/div>\n\t\t<\/div>\n\t\t\t\t\t\t\t<\/div>\n\t\t<\/section>\n\t\t\t\t<section class=\"elementor-section elementor-inner-section elementor-element elementor-element-4e2850c elementor-section-content-middle elementor-section-boxed elementor-section-height-default elementor-section-height-default\" data-id=\"4e2850c\" data-element_type=\"section\">\n\t\t\t\t\t\t<div class=\"elementor-container elementor-column-gap-no\">\n\t\t\t\t\t<div class=\"elementor-column elementor-col-25 elementor-inner-column elementor-element elementor-element-ce09d43\" data-id=\"ce09d43\" data-element_type=\"column\" data-settings=\"{&quot;background_background&quot;:&quot;classic&quot;}\">\n\t\t\t<div class=\"elementor-widget-wrap elementor-element-populated\">\n\t\t\t\t\t\t\t\t<div class=\"elementor-element elementor-element-2b671f5 elementor-widget elementor-widget-image\" data-id=\"2b671f5\" data-element_type=\"widget\" data-widget_type=\"image.default\">\n\t\t\t\t<div class=\"elementor-widget-container\">\n\t\t\t\t\t\t\t\t\t\t\t\t\t\t\t\t<a href=\"http:\/\/josemariacarbonellied.blogspot.com\/\">\n\t\t\t\t\t\t\t<img width=\"300\" height=\"300\" src=\"https:\/\/turisportltda.com\/wp-content\/uploads\/2023\/01\/cjmc-300x300.png\" class=\"attachment-medium size-medium wp-image-2688\" alt=\"\" loading=\"lazy\" srcset=\"https:\/\/turisportltda.com\/wp-content\/uploads\/2023\/01\/cjmc-300x300.png 300w, https:\/\/turisportltda.com\/wp-content\/uploads\/2023\/01\/cjmc-150x150.png 150w, https:\/\/turisportltda.com\/wp-content\/uploads\/2023\/01\/elementor\/thumbs\/cjmc-q0t1y68lw88dgp4ffvvlynqsfj0pswfyhi6w2i84x4.png 100w, https:\/\/turisportltda.com\/wp-content\/uploads\/2023\/01\/cjmc.png 600w, https:\/\/turisportltda.com\/wp-content\/uploads\/2023\/01\/elementor\/thumbs\/cjmc-150x150.png 800w, https:\/\/turisportltda.com\/wp-content\/uploads\/2023\/01\/elementor\/thumbs\/cjmc-150x150.png 1000w, https:\/\/turisportltda.com\/wp-content\/uploads\/2023\/01\/elementor\/thumbs\/cjmc-q0t1y68n430t2pa5usqs2ql5gv8cgnnodas27wpcy8.png 200w\" sizes=\"(max-width: 300px) 100vw, 300px\" \/>\t\t\t\t\t\t\t\t<\/a>\n\t\t\t\t\t\t\t\t\t\t\t\t\t\t\t<\/div>\n\t\t\t\t<\/div>\n\t\t\t\t\t<\/div>\n\t\t<\/div>\n\t\t\t\t<div class=\"elementor-column elementor-col-25 elementor-inner-column elementor-element elementor-element-0bd663d\" data-id=\"0bd663d\" data-element_type=\"column\" data-settings=\"{&quot;background_background&quot;:&quot;classic&quot;}\">\n\t\t\t<div class=\"elementor-widget-wrap elementor-element-populated\">\n\t\t\t\t\t\t\t\t<div class=\"elementor-element elementor-element-82a7154 elementor-widget elementor-widget-image\" data-id=\"82a7154\" data-element_type=\"widget\" data-widget_type=\"image.default\">\n\t\t\t\t<div class=\"elementor-widget-container\">\n\t\t\t\t\t\t\t\t\t\t\t\t\t\t\t\t<a href=\"http:\/\/omdplus.com.co\/\">\n\t\t\t\t\t\t\t<img width=\"889\" height=\"504\" src=\"https:\/\/turisportltda.com\/wp-content\/uploads\/2023\/01\/5a83378fe5a90.jpg\" class=\"attachment-full size-full wp-image-2670\" alt=\"\" loading=\"lazy\" srcset=\"https:\/\/turisportltda.com\/wp-content\/uploads\/2023\/01\/5a83378fe5a90.jpg 889w, https:\/\/turisportltda.com\/wp-content\/uploads\/2023\/01\/5a83378fe5a90-300x170.jpg 300w, https:\/\/turisportltda.com\/wp-content\/uploads\/2023\/01\/5a83378fe5a90-768x435.jpg 768w, https:\/\/turisportltda.com\/wp-content\/uploads\/2023\/01\/5a83378fe5a90-177x100.jpg 177w, https:\/\/turisportltda.com\/wp-content\/uploads\/2023\/01\/5a83378fe5a90-600x340.jpg 600w\" sizes=\"(max-width: 889px) 100vw, 889px\" \/>\t\t\t\t\t\t\t\t<\/a>\n\t\t\t\t\t\t\t\t\t\t\t\t\t\t\t<\/div>\n\t\t\t\t<\/div>\n\t\t\t\t\t<\/div>\n\t\t<\/div>\n\t\t\t\t<div class=\"elementor-column elementor-col-25 elementor-inner-column elementor-element elementor-element-3875736\" data-id=\"3875736\" data-element_type=\"column\" data-settings=\"{&quot;background_background&quot;:&quot;classic&quot;}\">\n\t\t\t<div class=\"elementor-widget-wrap elementor-element-populated\">\n\t\t\t\t\t\t\t\t<div class=\"elementor-element elementor-element-738a7d9 elementor-widget elementor-widget-image\" data-id=\"738a7d9\" data-element_type=\"widget\" data-widget_type=\"image.default\">\n\t\t\t\t<div class=\"elementor-widget-container\">\n\t\t\t\t\t\t\t\t\t\t\t\t\t\t\t\t<a href=\"http:\/\/unoarquitectura.com.co\/ubicacion\/\">\n\t\t\t\t\t\t\t<img width=\"1011\" height=\"382\" src=\"https:\/\/turisportltda.com\/wp-content\/uploads\/2023\/01\/Logo-Uno-Diseno.jpg\" class=\"attachment-full size-full wp-image-2665\" alt=\"\" loading=\"lazy\" srcset=\"https:\/\/turisportltda.com\/wp-content\/uploads\/2023\/01\/Logo-Uno-Diseno.jpg 1011w, https:\/\/turisportltda.com\/wp-content\/uploads\/2023\/01\/Logo-Uno-Diseno-300x113.jpg 300w, https:\/\/turisportltda.com\/wp-content\/uploads\/2023\/01\/Logo-Uno-Diseno-768x290.jpg 768w, https:\/\/turisportltda.com\/wp-content\/uploads\/2023\/01\/Logo-Uno-Diseno-600x227.jpg 600w\" sizes=\"(max-width: 1011px) 100vw, 1011px\" \/>\t\t\t\t\t\t\t\t<\/a>\n\t\t\t\t\t\t\t\t\t\t\t\t\t\t\t<\/div>\n\t\t\t\t<\/div>\n\t\t\t\t\t<\/div>\n\t\t<\/div>\n\t\t\t\t<div class=\"elementor-column elementor-col-25 elementor-inner-column elementor-element elementor-element-baa827e\" data-id=\"baa827e\" data-element_type=\"column\" data-settings=\"{&quot;background_background&quot;:&quot;classic&quot;}\">\n\t\t\t<div class=\"elementor-widget-wrap elementor-element-populated\">\n\t\t\t\t\t\t\t\t<div class=\"elementor-element elementor-element-34d8c3f elementor-widget elementor-widget-image\" data-id=\"34d8c3f\" data-element_type=\"widget\" data-widget_type=\"image.default\">\n\t\t\t\t<div class=\"elementor-widget-container\">\n\t\t\t\t\t\t\t\t\t\t\t\t\t\t\t\t<a href=\"https:\/\/colparroquialvalvanera.edu.co\/\">\n\t\t\t\t\t\t\t<img width=\"201\" height=\"196\" src=\"https:\/\/turisportltda.com\/wp-content\/uploads\/2023\/01\/cnsv.jpg\" class=\"attachment-large size-large wp-image-2674\" alt=\"\" loading=\"lazy\" \/>\t\t\t\t\t\t\t\t<\/a>\n\t\t\t\t\t\t\t\t\t\t\t\t\t\t\t<\/div>\n\t\t\t\t<\/div>\n\t\t\t\t\t<\/div>\n\t\t<\/div>\n\t\t\t\t\t\t\t<\/div>\n\t\t<\/section>\n\t\t\t\t\t<\/div>\n\t\t<\/div>\n\t\t\t\t\t\t\t<\/div>\n\t\t<\/section>\n\t\t\t\t<section class=\"elementor-section elementor-top-section elementor-element elementor-element-8e5efdd elementor-section-boxed elementor-section-height-default elementor-section-height-default\" data-id=\"8e5efdd\" data-element_type=\"section\">\n\t\t\t\t\t\t<div class=\"elementor-container elementor-column-gap-default\">\n\t\t\t\t\t<div class=\"elementor-column elementor-col-100 elementor-top-column elementor-element elementor-element-b1af6a1\" data-id=\"b1af6a1\" data-element_type=\"column\">\n\t\t\t<div class=\"elementor-widget-wrap\">\n\t\t\t\t\t\t\t\t\t<\/div>\n\t\t<\/div>\n\t\t\t\t\t\t\t<\/div>\n\t\t<\/section>\n\t\t\t\t\t\t\t<\/div>\n\t\t","protected":false},"excerpt":{"rendered":"<p>Servicios Servicios Nuestros Servicios Transporte EscolarEl transporte escolar es el traslado sano y salvo en un veh\u00edculo automotor, de menores de edad que se encuentren estudiando en instituciones educativas de car\u00e1cter p\u00fablico o privado, cualquier nivel de educaci\u00f3n preescolar, b\u00e1sica o media.ContratarTransporte EmpresarialEl transporte empresarial es una soluci\u00f3n de movilidad que transforma el transporte corporativo [&hellip;]<\/p>\n","protected":false},"author":1,"featured_media":0,"parent":0,"menu_order":0,"comment_status":"closed","ping_status":"closed","template":"elementor_header_footer","meta":[],"acf":[],"_links":{"self":[{"href":"https:\/\/turisportltda.com\/index.php\/wp-json\/wp\/v2\/pages\/1227"}],"collection":[{"href":"https:\/\/turisportltda.com\/index.php\/wp-json\/wp\/v2\/pages"}],"about":[{"href":"https:\/\/turisportltda.com\/index.php\/wp-json\/wp\/v2\/types\/page"}],"author":[{"embeddable":true,"href":"https:\/\/turisportltda.com\/index.php\/wp-json\/wp\/v2\/users\/1"}],"replies":[{"embeddable":true,"href":"https:\/\/turisportltda.com\/index.php\/wp-json\/wp\/v2\/comments?post=1227"}],"version-history":[{"count":110,"href":"https:\/\/turisportltda.com\/index.php\/wp-json\/wp\/v2\/pages\/1227\/revisions"}],"predecessor-version":[{"id":3342,"href":"https:\/\/turisportltda.com\/index.php\/wp-json\/wp\/v2\/pages\/1227\/revisions\/3342"}],"wp:attachment":[{"href":"https:\/\/turisportltda.com\/index.php\/wp-json\/wp\/v2\/media?parent=1227"}],"curies":[{"name":"wp","href":"https:\/\/api.w.org\/{rel}","templated":true}]}}